{"id":127,"date":"2007-09-02T23:15:22","date_gmt":"2007-09-02T21:15:22","guid":{"rendered":"http:\/\/steinschlag-band.de\/?page_id=127"},"modified":"2020-12-25T20:09:30","modified_gmt":"2020-12-25T18:09:30","slug":"anniversary-the-20-years-concert","status":"publish","type":"page","link":"http:\/\/steinschlag-band.de\/?page_id=127","title":{"rendered":"20 Years Jubilee"},"content":{"rendered":"<p><a title=\"1. September 2007: Backstage im Lindenpark\" href=\"http:\/\/steinschlag-band.de\/wp-content\/uploads\/2007\/09\/backstagealle.gif\" rel=\"lightbox[127]\"><img src=\"http:\/\/steinschlag-band.de\/wp-content\/uploads\/2007\/09\/backstagealle.thumbnail.gif\" alt=\"1. September 2007: Backstage im Lindenpark\" \/><\/a> <a title=\"DIE TORTE\" href=\"http:\/\/steinschlag-band.de\/wp-content\/uploads\/2007\/09\/torte.gif\" rel=\"lightbox[127]\"><img src=\"http:\/\/steinschlag-band.de\/wp-content\/uploads\/2007\/09\/torte.thumbnail.gif\" alt=\"DIE TORTE\" \/><\/a> <a title=\"Sechs Gitarren: Wer bietet mehr?\" href=\"http:\/\/steinschlag-band.de\/wp-content\/uploads\/2007\/09\/finale.gif\" rel=\"lightbox[127]\"><img src=\"http:\/\/steinschlag-band.de\/wp-content\/uploads\/2007\/09\/finale.thumbnail.gif\" alt=\"Sechs Gitarren: Wer bietet mehr?\" \/><\/a><\/p>\n<p>Lindenpark Babelsberg, drau&#223;en Nieselregen, drinnen steigt die Spannung: Designer Hans-J&#252;rgen Deponte hat es wahr gemacht: Der Saal ist Tonstudio, Wohnzimmer, Eckkneipe, Laufsteg, Rumpelkammer. Die B&#252;hne steht voller Instrumente: Ein mannshoher Gong &#8211; aus dem Filmklassiker \u201eDer Tiger von Eschnapur\u201c- dominiert den hinteren Teil der B&#252;hne, links und rechts davon warten zwei Schlagzeuge auf synchronen Trommelschlag. Marshall, Vox, Fender, Mesa Boogie: Am Fu&#223;e des Podestes glimmen die R&#246;hren von sechs Gitarrenverst&#228;rkern, linkerhand ein Keyboard-Stapel, rechts zwei Bassverst&#228;rker-Anlagen, Mikrofone, Scheinwerfer, Kabel, ein Laufsteg f&#252;hrt direkt mitten unter die Zuschauer, dort rekelt sich eine nackte Sch&#246;ne mit prallen Br&#252;sten auf einem Tisch. In welchem Film hat die hingehauchte Figur wohl eine stumme Rolle gespielt?<\/p>\n<p><a title=\"Planung unter Leitung von Hans-J\u00c3\u00bcrgen Deponte\" href=\"http:\/\/steinschlag-band.de\/wp-content\/uploads\/2007\/09\/planung.gif\" rel=\"lightbox[127]\"><img src=\"http:\/\/steinschlag-band.de\/wp-content\/uploads\/2007\/09\/planung.thumbnail.gif\" alt=\"Planung unter Leitung von Hans-J\u00c3\u00bcrgen Deponte\" \/><\/a> <a title=\"2007 bis 1987: Nummerngirls mit Nummern\" href=\"http:\/\/steinschlag-band.de\/wp-content\/uploads\/2007\/09\/gruendungsjahr.gif\" rel=\"lightbox[127]\"><img src=\"http:\/\/steinschlag-band.de\/wp-content\/uploads\/2007\/09\/gruendungsjahr.thumbnail.gif\" alt=\"2007 bis 1987: Nummerngirls mit Nummern\" \/><\/a> <a title=\"1987: Shell-Parka, Jeans-Anzug, Kletterschuhe, T-Shirt mit Stones-Zunge, Nickelbrille, Mundharmonika\" href=\"http:\/\/steinschlag-band.de\/wp-content\/uploads\/2007\/09\/gotegammler.gif\" rel=\"lightbox[127]\"><img src=\"http:\/\/steinschlag-band.de\/wp-content\/uploads\/2007\/09\/gotegammler.thumbnail.gif\" alt=\"1987: Shell-Parka, Jeans-Anzug, Kletterschuhe, T-Shirt mit Stones-Zunge, Nickelbrille, Mundharmonika\" \/><\/a> <a title=\"Rock \u00e2\u20ac\u02dcn\u00e2\u20ac\u2122 Roll auf dem Catwalk\" href=\"http:\/\/steinschlag-band.de\/wp-content\/uploads\/2007\/09\/gotetanz.gif\" rel=\"lightbox[127]\"><img src=\"http:\/\/steinschlag-band.de\/wp-content\/uploads\/2007\/09\/gotetanz.thumbnail.gif\" alt=\"Rock \u00e2\u20ac\u02dcn\u00e2\u20ac\u2122 Roll auf dem Catwalk\" \/><\/a><br \/>\n<a title=\"Auch Rock \u00e2\u20ac\u02dcn\u00e2\u20ac\u2122 Roll: Irina und Meik\u00c3\u00b6ll\" href=\"http:\/\/steinschlag-band.de\/wp-content\/uploads\/2007\/09\/meikoellirina.gif\" rel=\"lightbox[127]\"><img src=\"http:\/\/steinschlag-band.de\/wp-content\/uploads\/2007\/09\/meikoellirina.thumbnail.gif\" alt=\"Auch Rock \u00e2\u20ac\u02dcn\u00e2\u20ac\u2122 Roll: Irina und Meik\u00c3\u00b6ll\" \/><\/a> <a title=\"Jagger &amp; Richards? Gote &amp; Schuppi!\" href=\"http:\/\/steinschlag-band.de\/wp-content\/uploads\/2007\/09\/goteschuppi.gif\" rel=\"lightbox[127]\"><img src=\"http:\/\/steinschlag-band.de\/wp-content\/uploads\/2007\/09\/goteschuppi.thumbnail.gif\" alt=\"Jagger &amp; Richards? Gote &amp; Schuppi!\" \/><\/a> <a title=\"River Blues Band: Gote und Peter \u00e2\u20ac\u0153Glasses\u00e2\u20ac\u009d\" href=\"http:\/\/steinschlag-band.de\/wp-content\/uploads\/2007\/09\/gotepeter.gif\" rel=\"lightbox[127]\"><img src=\"http:\/\/steinschlag-band.de\/wp-content\/uploads\/2007\/09\/gotepeter.thumbnail.gif\" alt=\"River Blues Band: Gote und Peter \u00e2\u20ac\u0153Glasses\u00e2\u20ac\u009d\" \/><\/a> <a title=\"Blues &amp; Brother: MacKunczak\" href=\"http:\/\/steinschlag-band.de\/wp-content\/uploads\/2007\/09\/meikoellmuggt.gif\" rel=\"lightbox[127]\"><img src=\"http:\/\/steinschlag-band.de\/wp-content\/uploads\/2007\/09\/meikoellmuggt.thumbnail.gif\" alt=\"Blues &amp; Brother: MacKunczak\" \/><\/a><\/p>\n<p>Der Saal f&#252;llt sich, auf dem Willkommensdrink-Becher steht, worum es am 1. September 2007 geht: Die Potsdamer Rock &#8217;n&#8216; Roll-Band \u201eSteinschlag\u201c feiert sich und die vergangenen zwei Jahrzehnte B&#252;hnengeschichte. Eingeladen sind alle, die einmal dabei waren, und sie werden Spa&#223; haben: Die Gitarristen Henryk \u201eHenne&#8220; K&#246;rbs, Helmut \u201eKeule&#8220; Kreuchwig und Martin Thiel, Gastschlagzeuger Fabian Einicke, Trompeter und Orchester- sowie Jazzband-Chef Arnold H&#228;nsch und auch River-Blues-Band-Bassist Peter Gl&#228;ser.<\/p>\n<p><a title=\"Brotherhood of Men: Andr\u00c3\u00a9 und Gote\" href=\"http:\/\/steinschlag-band.de\/wp-content\/uploads\/2007\/09\/vordemsturm.gif\" rel=\"lightbox[127]\"><img src=\"http:\/\/steinschlag-band.de\/wp-content\/uploads\/2007\/09\/vordemsturm.thumbnail.gif\" alt=\"Brotherhood of Men: Andr\u00c3\u00a9 und Gote\" \/><\/a> <a title=\"Beer or Whisky in the jar\" href=\"http:\/\/steinschlag-band.de\/wp-content\/uploads\/2007\/09\/becher.gif\" rel=\"lightbox[127]\"><img src=\"http:\/\/steinschlag-band.de\/wp-content\/uploads\/2007\/09\/becher.thumbnail.gif\" alt=\"Beer or Whisky in the jar\" \/><\/a> <a title=\"Doppelt Spa\u00c3\u0178 \u00e2\u20ac\u00a6\" href=\"http:\/\/steinschlag-band.de\/wp-content\/uploads\/2007\/09\/steinsticker.gif\" rel=\"lightbox[127]\"><img src=\"http:\/\/steinschlag-band.de\/wp-content\/uploads\/2007\/09\/steinsticker.thumbnail.gif\" alt=\"Doppelt Spa\u00c3\u0178 \u00e2\u20ac\u00a6\" \/><\/a><\/p>\n<p>Pausen gibt es an den Abend keine: Nach Fanfare of the Common Man und zwei sexy Nummerngirls, die die Jahre bis 1987 r&#252;ckw&#228;rts abspulen, tappt eine Gestalt in Jeansanzug, Kletterschuhen und Shell-Parka auf die B&#252;hne, schiebt die Nickelbrille das Nasenbein hinauf, kramt umst&#228;ndlich in den Taschen, findet eine Mundharmonika und greift mit den Knien wippend den Beat von Schlagzeuger Thomas Warneke auf. S&#228;nger Detlef \u201eGote&#8220; Gottschling wirft die Kutte in die Ecke, schreitet den Laufsteg entlang im Spotlight in den Saal: \u201eLove is love &#8211; but not fade away!&#8220; Sechs St&#252;cke peitscht die Band ins Publikum, der Druck aus den Boxen ist erheblich. Don&#8217;t Stop, Get Off Of My Cloud, Satisfaction, It&#8217;s Only Rock &#8217;n&#8216; Roll, Waiting on a friend.<\/p>\n<p>Pause? Nein! Thomas \u201eTW&#8220; Warneke bleibt am Schlagzeug und spielt einfach weiter; da nimmt ein weiterer Trommler an dem zweiten Set Platz, &#252;bernimmt und begeistert die Zuh&#246;rer fast eine Viertelstunde lang. Fabian Einicke &#8211; der Neffe des Steinschlag-Gitarristen Michael Kunczak. Da ist die Band zur&#252;ck: Start Me Up, Honky Tonk Women &#8211; die Bl&#228;ser Sebastian Pietsch und Arnold H&#228;nsch geben alles &#8211; Had It With You, Star Star, Midnight Rambler und Play With Fire. Das Publikum h&#228;lt es nicht mehr an den Tischen: Rund um den Laufsteg dr&#228;ngen sich die Tanzenden.<\/p>\n<p><a title=\"Schuppis Tochter Darja passte auf Vaters Gitarre auf\" href=\"http:\/\/steinschlag-band.de\/wp-content\/uploads\/2007\/08\/darjaschupke.gif\" rel=\"lightbox[127]\"><img src=\"http:\/\/steinschlag-band.de\/wp-content\/uploads\/2007\/08\/darjaschupke.thumbnail.gif\" alt=\"Schuppis Tochter Darja passte auf Vaters Gitarre auf\" \/><\/a>&lt; <a title=\"Der Impresario: Andreas Klisch himself\" href=\"http:\/\/steinschlag-band.de\/wp-content\/uploads\/2007\/09\/moderatorklisch.gif\" rel=\"lightbox[127]\"><img src=\"http:\/\/steinschlag-band.de\/wp-content\/uploads\/2007\/09\/moderatorklisch.thumbnail.gif\" alt=\"Der Impresario: Andreas Klisch himself\" \/> <\/a><a title=\"Roll over \u00e2\u20ac\u00a6\" href=\"http:\/\/steinschlag-band.de\/wp-content\/uploads\/2007\/09\/schuppitobt.gif\" rel=\"lightbox[127]\"><img src=\"http:\/\/steinschlag-band.de\/wp-content\/uploads\/2007\/09\/schuppitobt.thumbnail.gif\" alt=\"Roll over \u00e2\u20ac\u00a6\" \/><\/a> <a title=\"Der Elch und Angela Davis\" href=\"http:\/\/steinschlag-band.de\/wp-content\/uploads\/2007\/09\/elchangela.gif\" rel=\"lightbox[127]\"><img src=\"http:\/\/steinschlag-band.de\/wp-content\/uploads\/2007\/09\/elchangela.thumbnail.gif\" alt=\"Der Elch und Angela Davis\" \/><\/a> <a title=\"We show YOU the Rock \u00e2\u20ac\u02dcn\u00e2\u20ac\u2122 Roll\" href=\"http:\/\/steinschlag-band.de\/wp-content\/uploads\/2007\/09\/goteleder02.gif\" rel=\"lightbox[127]\"><img src=\"http:\/\/steinschlag-band.de\/wp-content\/uploads\/2007\/09\/goteleder02.thumbnail.gif\" alt=\"We show YOU the Rock \u00e2\u20ac\u02dcn\u00e2\u20ac\u2122 Roll\" \/><\/a> <a title=\"It\u00e2\u20ac\u2122s only Rock \u00e2\u20ac\u02dcn\u00e2\u20ac\u2122 Roll\" href=\"http:\/\/steinschlag-band.de\/wp-content\/uploads\/2007\/09\/goteblues.gif\" rel=\"lightbox[127]\"><img src=\"http:\/\/steinschlag-band.de\/wp-content\/uploads\/2007\/09\/goteblues.thumbnail.gif\" alt=\"It\u00e2\u20ac\u2122s only Rock \u00e2\u20ac\u02dcn\u00e2\u20ac\u2122 Roll\" \/><\/a> <a title=\"\u00e2\u20ac\u00a6 und noch eine Nummer.\" href=\"http:\/\/steinschlag-band.de\/wp-content\/uploads\/2007\/09\/nummerngirl.gif\" rel=\"lightbox[127]\"><img src=\"http:\/\/steinschlag-band.de\/wp-content\/uploads\/2007\/09\/nummerngirl.thumbnail.gif\" alt=\"\u00e2\u20ac\u00a6 und noch eine Nummer.\" \/><\/a><\/p>\n<p>Konzert-Impresario Andreas Klisch erz&#228;hlt launige Begebenheiten, stellt die Musiker vor, lobt K&#252;nstler Deponte und holt die Gast-Musiker-G&#228;ste auf die B&#252;hne. Das ist das Zeichen: Michael Kunczak tritt den Gitarren-Overdrive und rei&#223;t vier T&#246;ne an. Immer dieselben. Little Red Rooster. Michael \u201eSchuppi&#8220; Schupke zieht den Bottleneck &#252;ber die Saiten. Nun stehen sechs Gitarristen, zwei Bassisten, zwei Trommler und die Brass-Section auf der B&#252;hne auf der Suche nach dem kleinen roten Hahn. &#220;brig bleiben endlich Henne, Keule, Martin, Fabian und Peter. Die G&#228;ste spielen The Last Time, It&#8217;s All Over Now, Ruby Tuesday und schlie&#223;lich Love In Vain.<\/p>\n<p><a title=\"River-Blues: Gote in Leder\" href=\"http:\/\/steinschlag-band.de\/wp-content\/uploads\/2007\/09\/gotecowboy.gif\" rel=\"lightbox[127]\"><img src=\"http:\/\/steinschlag-band.de\/wp-content\/uploads\/2007\/09\/gotecowboy.thumbnail.gif\" alt=\"River-Blues: Gote in Leder\" \/><\/a> <a title=\"Henry K\u00c3\u00b6rbs - Mitgr\u00c3\u00bcnder der Band\" href=\"http:\/\/steinschlag-band.de\/wp-content\/uploads\/2007\/09\/henne.gif\" rel=\"lightbox[127]\"><img src=\"http:\/\/steinschlag-band.de\/wp-content\/uploads\/2007\/09\/henne.thumbnail.gif\" alt=\"Henry K\u00c3\u00b6rbs - Mitgr\u00c3\u00bcnder der Band\" \/><\/a> <a title=\"MacKunczak: Reelin\u00e2\u20ac\u2122 &amp; Rockin\u00e2\u20ac\u2122\" href=\"http:\/\/steinschlag-band.de\/wp-content\/uploads\/2007\/09\/maclaughin.gif\" rel=\"lightbox[127]\"><img src=\"http:\/\/steinschlag-band.de\/wp-content\/uploads\/2007\/09\/maclaughin.thumbnail.gif\" alt=\"MacKunczak: Reelin\u00e2\u20ac\u2122 &amp; Rockin\u00e2\u20ac\u2122\" \/><\/a> <a title=\"Medizin nach Noten\" href=\"http:\/\/steinschlag-band.de\/wp-content\/uploads\/2007\/09\/noten.gif\" rel=\"lightbox[127]\"><img src=\"http:\/\/steinschlag-band.de\/wp-content\/uploads\/2007\/09\/noten.thumbnail.gif\" alt=\"Medizin nach Noten\" \/><\/a><\/p>\n<p>\u201eFreunde aus den USA\u201c k&#252;ndigt Moderator und Ex-Steinschlag-Booker Klisch an. Die River Blues Band &#8211; ein Projekt von vier Steinschl&#228;gern, dass j&#228;hrlich bis zu f&#252;nfzehn Konzerte absolviert. Mit Hut und Brille: Gote, Schuppi, Meik&#246;ll, TW und \u201ePeter Glasses&#8220; spielen Klassiker wie The Spider And The Fly, Poor House, Route 66 und Call Me The Breeze.<\/p>\n<p><a title=\"Sympathy for the \u00e2\u20ac\u00a6?\" href=\"http:\/\/steinschlag-band.de\/wp-content\/uploads\/2007\/09\/gotegirl02.gif\" rel=\"lightbox[127]\"><img src=\"http:\/\/steinschlag-band.de\/wp-content\/uploads\/2007\/09\/gotegirl02.thumbnail.gif\" alt=\"Sympathy for the \u00e2\u20ac\u00a6?\" \/><\/a> <a title=\"More Sympathy for the \u00e2\u20ac\u00a6?\" href=\"http:\/\/steinschlag-band.de\/wp-content\/uploads\/2007\/09\/meikoellgirl01.gif\" rel=\"lightbox[127]\"><img src=\"http:\/\/steinschlag-band.de\/wp-content\/uploads\/2007\/09\/meikoellgirl01.thumbnail.gif\" alt=\"More Sympathy for the \u00e2\u20ac\u00a6?\" \/><\/a> <a title=\"Much more Sympathy for the \u00e2\u20ac\u00a6\" href=\"http:\/\/steinschlag-band.de\/wp-content\/uploads\/2007\/09\/schuppigirl02.gif\" rel=\"lightbox[127]\"><img src=\"http:\/\/steinschlag-band.de\/wp-content\/uploads\/2007\/09\/schuppigirl02.thumbnail.gif\" alt=\"Much more Sympathy for the \u00e2\u20ac\u00a6\" \/><\/a> <a title=\"Drugs: Sex &amp; Rock \u00e2\u20ac\u02dcn\u00e2\u20ac\u2122 Roll\" href=\"http:\/\/steinschlag-band.de\/wp-content\/uploads\/2007\/09\/schuppigirl01.gif\" rel=\"lightbox[127]\"><img src=\"http:\/\/steinschlag-band.de\/wp-content\/uploads\/2007\/09\/schuppigirl01.thumbnail.gif\" alt=\"Drugs: Sex &amp; Rock \u00e2\u20ac\u02dcn\u00e2\u20ac\u2122 Roll\" \/><\/a><\/p>\n<p>Keine Atempause &#8211; Rockgeschichte wird gemacht: TW bleibt am Set, rote Scheinwerfer, Nebel, ein Stuhl auf dem Catwalk. Das ist das Zeichen f&#252;r Backstage-Managerin Sabine Schroedter: Zwei sexy-lacklederne Teufelinnen beginnen den \u201esympathischen&#8220; Tanz f&#252;r den Herrn der Unterwelt. Sympathy For The Devil. Die Band nimmt den Rhythmus auf, Gote t&#228;nzelt in schwarzer Lederhose, Gehrock, wei&#223;em Hemd, schwarzer Krawatte und Zylinder auf die B&#252;hne und l&#228;sst sich von den M&#228;dchen zu einem wilden Reigen verf&#252;hren. Bei Jumping Jack Flash wird der Zylinder &#252;berfl&#252;ssig, bei Under My Thumb der Gehrock, die Krawatte fliegt bei Brown Sugar auf die B&#252;hne, mit Wild Horses leuchtet zwischen den ge&#246;ffneten Hemdkn&#246;pfen die Stones-Zunge auf dem Shirt durch. Welches Kleidungsst&#252;ck f&#228;llt als n&#228;chstes? Sad Sad Sad &#8211; traurig &#8211; ist die letzte Nummer. Verabschiedung, gemeinsame Verbeugung, Abgang.<\/p>\n<p><a title=\"Von links nach rechts: Rock And Roll\" href=\"http:\/\/steinschlag-band.de\/wp-content\/uploads\/2007\/09\/gotegirls01.gif\" rel=\"lightbox[127]\"><img src=\"http:\/\/steinschlag-band.de\/wp-content\/uploads\/2007\/09\/gotegirls01.thumbnail.gif\" alt=\"Von links nach rechts: Rock And Roll\" \/><\/a> <a title=\"Martin \u00e2\u20ac\u0153Maatin\u00e2\u20ac\u009d Thiel\" href=\"http:\/\/steinschlag-band.de\/wp-content\/uploads\/2007\/09\/maaatin.gif\" rel=\"lightbox[127]\"><img src=\"http:\/\/steinschlag-band.de\/wp-content\/uploads\/2007\/09\/maaatin.thumbnail.gif\" alt=\"Martin \u00e2\u20ac\u0153Maatin\u00e2\u20ac\u009d Thiel\" \/><\/a> <a title=\"Naked Lunch\" href=\"http:\/\/steinschlag-band.de\/wp-content\/uploads\/2007\/09\/nackte.gif\" rel=\"lightbox[127]\"><img src=\"http:\/\/steinschlag-band.de\/wp-content\/uploads\/2007\/09\/nackte.thumbnail.gif\" alt=\"Naked Lunch\" \/><\/a><\/p>\n<p>Fordernde Rufe holen Andreas Klisch und \u201eseine&#8220; Band zur&#252;ck aus dem Dunkel: Die Zugabe-Session beginnt mit The Salt Of The Earth &#8211; Gimme Shelter ist das zweite St&#252;ck. Dann: Also sprach Zarathustra, grelles Licht, ein Knall, silberne Konfetti aus zwei Kanonen, Vorhang zu, aus.<\/p>\n<p><a title=\"It is nor the end!\" href=\"http:\/\/steinschlag-band.de\/wp-content\/uploads\/2007\/09\/finale02.gif\" rel=\"lightbox[127]\"><img src=\"http:\/\/steinschlag-band.de\/wp-content\/uploads\/2007\/09\/finale02.thumbnail.gif\" alt=\"It is nor the end!\" \/><\/a> <a title=\"Feurig: Ellen &amp; Bella\" href=\"http:\/\/steinschlag-band.de\/wp-content\/uploads\/2007\/09\/ellenbella.gif\" rel=\"lightbox[127]\"><img src=\"http:\/\/steinschlag-band.de\/wp-content\/uploads\/2007\/09\/ellenbella.thumbnail.gif\" alt=\"Feurig: Ellen &amp; Bella\" \/><\/a> <a title=\"Body Talk\" href=\"http:\/\/steinschlag-band.de\/wp-content\/uploads\/2007\/09\/bodytalk.gif\" rel=\"lightbox[127]\"><img src=\"http:\/\/steinschlag-band.de\/wp-content\/uploads\/2007\/09\/bodytalk.thumbnail.gif\" alt=\"Body Talk\" \/><\/a><\/p>\n<p>Techniker Andr\u00e9 Gottschling zieht die Regler runter &#8211; Ellen von den Jakuzzi-Sisters schiebt die Regler hoch, und der Tanz geht ohne Pause weiter &#8230;<\/p>\n<p><a title=\"\u00e2\u20ac\u0153Musiker trinken nicht \u00e2\u20ac\u00a6 ;-)\u00e2\u20ac\u009d\" href=\"http:\/\/steinschlag-band.de\/wp-content\/uploads\/2007\/09\/musikertrinkennicht.gif\" rel=\"lightbox[127]\"><img src=\"http:\/\/steinschlag-band.de\/wp-content\/uploads\/2007\/09\/musikertrinkennicht.thumbnail.gif\" alt=\"\u00e2\u20ac\u0153Musiker trinken nicht \u00e2\u20ac\u00a6 ;-)\u00e2\u20ac\u009d\" \/><\/a> <a title=\"Was wurde eigentlich aus der Geburtstagstorte?\" href=\"http:\/\/steinschlag-band.de\/wp-content\/uploads\/2007\/09\/tortenschlacht02.gif\" rel=\"lightbox[127]\"><img src=\"http:\/\/steinschlag-band.de\/wp-content\/uploads\/2007\/09\/tortenschlacht02.thumbnail.gif\" alt=\"Was wurde eigentlich aus der Geburtstagstorte?\" \/><\/a> <a title=\"Das wurde aus der Geburtstagstorte!\" href=\"http:\/\/steinschlag-band.de\/wp-content\/uploads\/2007\/09\/tortenschlacht01.gif\" rel=\"lightbox[127]\"><img src=\"http:\/\/steinschlag-band.de\/wp-content\/uploads\/2007\/09\/tortenschlacht01.thumbnail.gif\" alt=\"Das wurde aus der Geburtstagstorte!\" \/><\/a><\/p>\n<p>Epilog: Gegen zwei Uhr betritt ein Mann mit Basecap den Backstage-Bereich. Friedemann \u201eFrieda&#8220; Schulz &#8211; drei Jahre Schlagzeuger bei Engerling und bei Steinschlag &#8211; hat es mit dem Taxi doch noch aus Luckenwalde nach Potsdam geschafft. Auf ein Bier, oder zwei, oder drei, oder &#8230;<br \/>\n(DG)<\/p>\n<p>(Fotos: Thanks a very lot to our friends Andreas Klaer and Frank Mothes)<\/p>\n<p>Hier die fotos von klisch auf <a href=\"http:\/\/www.flickr.com\/photos\/klisch\/sets\/72157601805944816\"><strong>flickr<\/strong><\/a><\/p>\n","protected":false},"excerpt":{"rendered":"<p>Lindenpark Babelsberg, drau&#223;en Nieselregen, drinnen steigt die Spannung: Designer Hans-J&#252;rgen Deponte hat es wahr gemacht: Der Saal ist Tonstudio, Wohnzimmer, Eckkneipe, Laufsteg, Rumpelkammer. Die B&#252;hne steht voller Instrumente: Ein mannshoher Gong &#8211; aus dem Filmklassiker \u201eDer Tiger von Eschnapur\u201c- dominiert<span class=\"ellipsis\">&hellip;<\/span><\/p>\n<div class=\"read-more\"><a href=\"http:\/\/steinschlag-band.de\/?page_id=127\">Weiterlesen \u203a<\/a><\/div>\n<p><!-- end of .read-more --><\/p>\n","protected":false},"author":2,"featured_media":0,"parent":0,"menu_order":6,"comment_status":"open","ping_status":"open","template":"","meta":[],"_links":{"self":[{"href":"http:\/\/steinschlag-band.de\/index.php?rest_route=\/wp\/v2\/pages\/127"}],"collection":[{"href":"http:\/\/steinschlag-band.de\/index.php?rest_route=\/wp\/v2\/pages"}],"about":[{"href":"http:\/\/steinschlag-band.de\/index.php?rest_route=\/wp\/v2\/types\/page"}],"author":[{"embeddable":true,"href":"http:\/\/steinschlag-band.de\/index.php?rest_route=\/wp\/v2\/users\/2"}],"replies":[{"embeddable":true,"href":"http:\/\/steinschlag-band.de\/index.php?rest_route=%2Fwp%2Fv2%2Fcomments&post=127"}],"version-history":[{"count":4,"href":"http:\/\/steinschlag-band.de\/index.php?rest_route=\/wp\/v2\/pages\/127\/revisions"}],"predecessor-version":[{"id":1310,"href":"http:\/\/steinschlag-band.de\/index.php?rest_route=\/wp\/v2\/pages\/127\/revisions\/1310"}],"wp:attachment":[{"href":"http:\/\/steinschlag-band.de\/index.php?rest_route=%2Fwp%2Fv2%2Fmedia&parent=127"}],"curies":[{"name":"wp","href":"https:\/\/api.w.org\/{rel}","templated":true}]}}